{"id":1474,"date":"2019-07-11T16:17:06","date_gmt":"2019-07-11T16:17:06","guid":{"rendered":"http:\/\/maymi.clonica.net\/?page_id=1474"},"modified":"2019-07-12T07:16:56","modified_gmt":"2019-07-12T07:16:56","slug":"en-construccion","status":"publish","type":"page","link":"https:\/\/maymi.es\/es\/en-construccion\/","title":{"rendered":"En construcci\u00f3n"},"content":{"rendered":"\n<style type=\"text\/css\" data-created_by=\"avia_inline_auto\" id=\"style-css-av-vr42-f0e041b486e69c10b65acc72f432ce00\">\n.flex_column.av-vr42-f0e041b486e69c10b65acc72f432ce00{\nborder-radius:0px 0px 0px 0px;\npadding:0px 0px 0px 0px;\n}\n<\/style>\n<div  class='flex_column av-vr42-f0e041b486e69c10b65acc72f432ce00 av_one_full  avia-builder-el-0  el_before_av_section  avia-builder-el-no-sibling  first flex_column_div av-zero-column-padding  '     ><style type=\"text\/css\" data-created_by=\"avia_inline_auto\" id=\"style-css-av-jxyvkqvk-57ac96930b658e1c93cd800ffa81ab17\">\n.avia-image-container.av-jxyvkqvk-57ac96930b658e1c93cd800ffa81ab17 img.avia_image{\nbox-shadow:none;\n}\n.avia-image-container.av-jxyvkqvk-57ac96930b658e1c93cd800ffa81ab17 .av-image-caption-overlay-center{\ncolor:#ffffff;\n}\n<\/style>\n<div  class='avia-image-container av-jxyvkqvk-57ac96930b658e1c93cd800ffa81ab17 av-styling- avia-align-center  avia-builder-el-1  avia-builder-el-no-sibling '   itemprop=\"image\" itemscope=\"itemscope\" itemtype=\"https:\/\/schema.org\/ImageObject\" ><div class=\"avia-image-container-inner\"><div class=\"avia-image-overlay-wrap\"><img decoding=\"async\" fetchpriority=\"high\" class='wp-image-263 avia-img-lazy-loading-not-263 avia_image ' src=\"https:\/\/maymi.es\/wp-content\/uploads\/2019\/05\/maymi_logo.jpg\" alt='' title=''  height=\"156\" width=\"340\"  itemprop=\"thumbnailUrl\" srcset=\"https:\/\/maymi.es\/wp-content\/uploads\/2019\/05\/maymi_logo.jpg 340w, https:\/\/maymi.es\/wp-content\/uploads\/2019\/05\/maymi_logo-300x138.jpg 300w\" sizes=\"(max-width: 340px) 100vw, 340px\" \/><\/div><\/div><\/div><\/div>\n<\/div><\/div><\/div><!-- close content main div --><\/div><\/div>\n<style type=\"text\/css\" data-created_by=\"avia_inline_auto\" id=\"style-css-av-jxyvjc1v-35f78d074c30eb0f2a9611f88c14e2d9\">\n.avia-section.av-jxyvjc1v-35f78d074c30eb0f2a9611f88c14e2d9{\nbackground-color:#efbb20;\nbackground-image:unset;\n}\n<\/style>\n<div id='av_section_1'  class='avia-section av-jxyvjc1v-35f78d074c30eb0f2a9611f88c14e2d9 main_color avia-section-default avia-no-border-styling  avia-builder-el-2  el_after_av_one_full  avia-builder-el-last  avia-bg-style-scroll container_wrap fullsize'  ><div class='container av-section-cont-open' ><div class='template-page content  av-content-full alpha units'><div class='post-entry post-entry-type-page post-entry-1474'><div class='entry-content-wrapper clearfix'>\n\n<style type=\"text\/css\" data-created_by=\"avia_inline_auto\" id=\"style-css-av-jxzrpgav-14ea188b5f321cb31c1abd8acf261057\">\n#top .av-special-heading.av-jxzrpgav-14ea188b5f321cb31c1abd8acf261057{\npadding-bottom:10px;\ncolor:#801a00;\n}\nbody .av-special-heading.av-jxzrpgav-14ea188b5f321cb31c1abd8acf261057 .av-special-heading-tag .heading-char{\nfont-size:25px;\n}\n.av-special-heading.av-jxzrpgav-14ea188b5f321cb31c1abd8acf261057 .special-heading-inner-border{\nborder-color:#801a00;\n}\n.av-special-heading.av-jxzrpgav-14ea188b5f321cb31c1abd8acf261057 .av-subheading{\nfont-size:26px;\n}\n<\/style>\n<div  class='av-special-heading av-jxzrpgav-14ea188b5f321cb31c1abd8acf261057 av-special-heading-h1 custom-color-heading blockquote modern-quote modern-centered  avia-builder-el-3  avia-builder-el-no-sibling '><h1 class='av-special-heading-tag '  itemprop=\"headline\"  >P\u00e1gina en construcci\u00f3n<\/h1><div class='av_custom_color av-subheading av-subheading_below'><p>Para m\u00e1s informaci\u00f3n llame al tel\u00e9fono: 937 54 03 21<\/p>\n<\/div><div class=\"special-heading-border\"><div class=\"special-heading-inner-border\"><\/div><\/div><\/div>\n\n","protected":false},"excerpt":{"rendered":"","protected":false},"author":1,"featured_media":0,"parent":0,"menu_order":0,"comment_status":"closed","ping_status":"closed","template":"template-blank.php","meta":{"footnotes":""},"class_list":["post-1474","page","type-page","status-publish","hentry"],"yoast_head":"<!-- This site is optimized with the Yoast SEO plugin v27.4 - https:\/\/yoast.com\/product\/yoast-seo-wordpress\/ -->\n<title>En construcci\u00f3n - Maymi<\/title>\n<meta name=\"robots\" content=\"index, follow, max-snippet:-1, max-image-preview:large, max-video-preview:-1\" \/>\n<link rel=\"canonical\" href=\"https:\/\/maymi.es\/es\/en-construccion\/\" \/>\n<meta property=\"og:locale\" content=\"es_ES\" \/>\n<meta property=\"og:type\" content=\"article\" \/>\n<meta property=\"og:title\" content=\"En construcci\u00f3n - Maymi\" \/>\n<meta property=\"og:url\" content=\"https:\/\/maymi.es\/es\/en-construccion\/\" \/>\n<meta property=\"og:site_name\" content=\"Maymi\" \/>\n<meta property=\"article:modified_time\" content=\"2019-07-12T07:16:56+00:00\" \/>\n<meta name=\"twitter:card\" content=\"summary_large_image\" \/>\n<meta name=\"twitter:label1\" content=\"Tiempo de lectura\" \/>\n\t<meta name=\"twitter:data1\" content=\"2 minutos\" \/>\n<script type=\"application\/ld+json\" class=\"yoast-schema-graph\">{\"@context\":\"https:\\\/\\\/schema.org\",\"@graph\":[{\"@type\":\"WebPage\",\"@id\":\"https:\\\/\\\/maymi.es\\\/es\\\/en-construccion\\\/\",\"url\":\"https:\\\/\\\/maymi.es\\\/es\\\/en-construccion\\\/\",\"name\":\"En construcci\u00f3n - Maymi\",\"isPartOf\":{\"@id\":\"https:\\\/\\\/maymi.es\\\/es\\\/#website\"},\"datePublished\":\"2019-07-11T16:17:06+00:00\",\"dateModified\":\"2019-07-12T07:16:56+00:00\",\"breadcrumb\":{\"@id\":\"https:\\\/\\\/maymi.es\\\/es\\\/en-construccion\\\/#breadcrumb\"},\"inLanguage\":\"es\",\"potentialAction\":[{\"@type\":\"ReadAction\",\"target\":[\"https:\\\/\\\/maymi.es\\\/es\\\/en-construccion\\\/\"]}]},{\"@type\":\"BreadcrumbList\",\"@id\":\"https:\\\/\\\/maymi.es\\\/es\\\/en-construccion\\\/#breadcrumb\",\"itemListElement\":[{\"@type\":\"ListItem\",\"position\":1,\"name\":\"Portada\",\"item\":\"https:\\\/\\\/maymi.es\\\/es\\\/fustes-maymi\\\/\"},{\"@type\":\"ListItem\",\"position\":2,\"name\":\"En construcci\u00f3n\"}]},{\"@type\":\"WebSite\",\"@id\":\"https:\\\/\\\/maymi.es\\\/es\\\/#website\",\"url\":\"https:\\\/\\\/maymi.es\\\/es\\\/\",\"name\":\"Maymi\",\"description\":\"Maymi\",\"potentialAction\":[{\"@type\":\"SearchAction\",\"target\":{\"@type\":\"EntryPoint\",\"urlTemplate\":\"https:\\\/\\\/maymi.es\\\/es\\\/?s={search_term_string}\"},\"query-input\":{\"@type\":\"PropertyValueSpecification\",\"valueRequired\":true,\"valueName\":\"search_term_string\"}}],\"inLanguage\":\"es\"}]}<\/script>\n<!-- \/ Yoast SEO plugin. -->","yoast_head_json":{"title":"En construcci\u00f3n - Maymi","robots":{"index":"index","follow":"follow","max-snippet":"max-snippet:-1","max-image-preview":"max-image-preview:large","max-video-preview":"max-video-preview:-1"},"canonical":"https:\/\/maymi.es\/es\/en-construccion\/","og_locale":"es_ES","og_type":"article","og_title":"En construcci\u00f3n - Maymi","og_url":"https:\/\/maymi.es\/es\/en-construccion\/","og_site_name":"Maymi","article_modified_time":"2019-07-12T07:16:56+00:00","twitter_card":"summary_large_image","twitter_misc":{"Tiempo de lectura":"2 minutos"},"schema":{"@context":"https:\/\/schema.org","@graph":[{"@type":"WebPage","@id":"https:\/\/maymi.es\/es\/en-construccion\/","url":"https:\/\/maymi.es\/es\/en-construccion\/","name":"En construcci\u00f3n - Maymi","isPartOf":{"@id":"https:\/\/maymi.es\/es\/#website"},"datePublished":"2019-07-11T16:17:06+00:00","dateModified":"2019-07-12T07:16:56+00:00","breadcrumb":{"@id":"https:\/\/maymi.es\/es\/en-construccion\/#breadcrumb"},"inLanguage":"es","potentialAction":[{"@type":"ReadAction","target":["https:\/\/maymi.es\/es\/en-construccion\/"]}]},{"@type":"BreadcrumbList","@id":"https:\/\/maymi.es\/es\/en-construccion\/#breadcrumb","itemListElement":[{"@type":"ListItem","position":1,"name":"Portada","item":"https:\/\/maymi.es\/es\/fustes-maymi\/"},{"@type":"ListItem","position":2,"name":"En construcci\u00f3n"}]},{"@type":"WebSite","@id":"https:\/\/maymi.es\/es\/#website","url":"https:\/\/maymi.es\/es\/","name":"Maymi","description":"Maymi","potentialAction":[{"@type":"SearchAction","target":{"@type":"EntryPoint","urlTemplate":"https:\/\/maymi.es\/es\/?s={search_term_string}"},"query-input":{"@type":"PropertyValueSpecification","valueRequired":true,"valueName":"search_term_string"}}],"inLanguage":"es"}]}},"_links":{"self":[{"href":"https:\/\/maymi.es\/es\/wp-json\/wp\/v2\/pages\/1474","targetHints":{"allow":["GET"]}}],"collection":[{"href":"https:\/\/maymi.es\/es\/wp-json\/wp\/v2\/pages"}],"about":[{"href":"https:\/\/maymi.es\/es\/wp-json\/wp\/v2\/types\/page"}],"author":[{"embeddable":true,"href":"https:\/\/maymi.es\/es\/wp-json\/wp\/v2\/users\/1"}],"replies":[{"embeddable":true,"href":"https:\/\/maymi.es\/es\/wp-json\/wp\/v2\/comments?post=1474"}],"version-history":[{"count":0,"href":"https:\/\/maymi.es\/es\/wp-json\/wp\/v2\/pages\/1474\/revisions"}],"wp:attachment":[{"href":"https:\/\/maymi.es\/es\/wp-json\/wp\/v2\/media?parent=1474"}],"curies":[{"name":"wp","href":"https:\/\/api.w.org\/{rel}","templated":true}]}}