{"id":2373,"date":"2022-01-14T08:53:02","date_gmt":"2022-01-14T08:53:02","guid":{"rendered":"https:\/\/maymi.es\/compromesos-amb-el-medi-ambient\/"},"modified":"2022-01-14T10:47:31","modified_gmt":"2022-01-14T10:47:31","slug":"comprometidos-con-el-medio-ambiente","status":"publish","type":"page","link":"https:\/\/maymi.es\/es\/comprometidos-con-el-medio-ambiente\/","title":{"rendered":"Comprometidos con el medio ambiente"},"content":{"rendered":"<div id='full_slider_1'  class='avia-fullwidth-slider main_color avia-shadow   avia-builder-el-0  el_before_av_section  avia-builder-el-first   container_wrap fullsize'  ><div  class='avia-slideshow av-l7w1t8-6b1c2d3f2e10b93af08a18b79bfaf645 avia-slideshow-featured av_slideshow_full avia-slide-slider av-slideshow-ui av-control-default av-slideshow-manual av-loop-once av-loop-manual-endless av-default-height-applied   avia-slideshow-1' data-slideshow-options=\"{&quot;animation&quot;:&quot;slide&quot;,&quot;autoplay&quot;:false,&quot;loop_autoplay&quot;:&quot;once&quot;,&quot;interval&quot;:5,&quot;loop_manual&quot;:&quot;manual-endless&quot;,&quot;autoplay_stopper&quot;:false,&quot;noNavigation&quot;:false,&quot;bg_slider&quot;:false,&quot;keep_padding&quot;:false,&quot;hoverpause&quot;:false,&quot;show_slide_delay&quot;:0}\"  itemprop=\"image\" itemscope=\"itemscope\" itemtype=\"https:\/\/schema.org\/ImageObject\" ><ul class='avia-slideshow-inner ' style='padding-bottom: 28.666666666667%;'><li  class='avia-slideshow-slide av-l7w1t8-6b1c2d3f2e10b93af08a18b79bfaf645__0  av-single-slide slide-1 slide-odd'><div data-rel='slideshow-1' class='avia-slide-wrap '   ><img decoding=\"async\" fetchpriority=\"high\" class=\"wp-image-2341 avia-img-lazy-loading-not-2341\"  src=\"https:\/\/maymi.es\/wp-content\/uploads\/2022\/01\/Slider-PlaquesSolars-Maymi-1500x430.jpg\" width=\"1500\" height=\"430\" title='Slider-PlaquesSolars-Maymi' alt=''  itemprop=\"thumbnailUrl\"   \/><\/div><\/li><\/ul><\/div><\/div>\n<div id='av_section_1'  class='avia-section av-iztgnw-9832a0bb72dc40e7271715cb1cde6a2d main_color avia-section-default avia-no-border-styling  avia-builder-el-1  el_after_av_slideshow_full  avia-builder-el-last  avia-bg-style-scroll container_wrap fullsize'  ><div class='container av-section-cont-open' ><div class='template-page content  av-content-full alpha units'><div class='post-entry post-entry-type-page post-entry-2373'><div class='entry-content-wrapper clearfix'>\n<div  class='flex_column av-av_one_fifth-d846867a37b468541bc8830743d44203 av_one_fifth  avia-builder-el-2  el_before_av_one_fifth  avia-builder-el-first  first flex_column_div  '     ><\/div><div  class='flex_column av-av_one_fifth-337486787960716147ecfb4074cb91c6 av_one_fifth  avia-builder-el-3  el_after_av_one_fifth  el_before_av_one_fifth  flex_column_div  '     ><\/div><div  class='flex_column av-av_one_fifth-337486787960716147ecfb4074cb91c6 av_one_fifth  avia-builder-el-4  el_after_av_one_fifth  el_before_av_one_fifth  flex_column_div  '     ><style type=\"text\/css\" data-created_by=\"avia_inline_auto\" id=\"style-css-av-kyea0pkw-bb8341ffb2aaf74bbe72193adcefe0d4\">\n.avia-image-container.av-kyea0pkw-bb8341ffb2aaf74bbe72193adcefe0d4 img.avia_image{\nbox-shadow:none;\n}\n.avia-image-container.av-kyea0pkw-bb8341ffb2aaf74bbe72193adcefe0d4 .av-image-caption-overlay-center{\ncolor:#ffffff;\n}\n<\/style>\n<div  class='avia-image-container av-kyea0pkw-bb8341ffb2aaf74bbe72193adcefe0d4 av-styling- avia-align-center  avia-builder-el-5  avia-builder-el-no-sibling '   itemprop=\"image\" itemscope=\"itemscope\" itemtype=\"https:\/\/schema.org\/ImageObject\" ><div class=\"avia-image-container-inner\"><div class=\"avia-image-overlay-wrap\"><img decoding=\"async\" fetchpriority=\"high\" class='wp-image-2386 avia-img-lazy-loading-not-2386 avia_image ' src=\"https:\/\/maymi.es\/wp-content\/uploads\/2022\/01\/Picto-Eco-2-Maymi-180x180.png\" alt='' title='Picto-Eco-2-Maymi'  height=\"180\" width=\"180\"  itemprop=\"thumbnailUrl\" srcset=\"https:\/\/maymi.es\/wp-content\/uploads\/2022\/01\/Picto-Eco-2-Maymi-180x180.png 180w, https:\/\/maymi.es\/wp-content\/uploads\/2022\/01\/Picto-Eco-2-Maymi-300x300.png 300w, https:\/\/maymi.es\/wp-content\/uploads\/2022\/01\/Picto-Eco-2-Maymi-80x80.png 80w, https:\/\/maymi.es\/wp-content\/uploads\/2022\/01\/Picto-Eco-2-Maymi-36x36.png 36w, https:\/\/maymi.es\/wp-content\/uploads\/2022\/01\/Picto-Eco-2-Maymi.png 600w\" sizes=\"(max-width: 180px) 100vw, 180px\" \/><\/div><\/div><\/div><\/div><div  class='flex_column av-av_one_fifth-337486787960716147ecfb4074cb91c6 av_one_fifth  avia-builder-el-6  el_after_av_one_fifth  el_before_av_one_fifth  flex_column_div  '     ><\/div><div  class='flex_column av-av_one_fifth-337486787960716147ecfb4074cb91c6 av_one_fifth  avia-builder-el-7  el_after_av_one_fifth  el_before_av_one_full  flex_column_div  '     ><\/div><div  class='flex_column av-hiliwc-88c9cbee91be60c9240cafe539a4ca2b av_one_full  avia-builder-el-8  el_after_av_one_fifth  el_before_av_one_fourth  first flex_column_div  column-top-margin'     ><section  class='av_textblock_section av-kye55qgv-358c263b71534eb7c7f71ddbb3d8efc3 '   itemscope=\"itemscope\" itemtype=\"https:\/\/schema.org\/CreativeWork\" ><div class='avia_textblock'  itemprop=\"text\" ><h1 style=\"text-align: center;\">COMPROMETIDOS CON EL MEDIO AMBIENTE<\/h1>\n<\/div><\/section><br \/>\n\n<style type=\"text\/css\" data-created_by=\"avia_inline_auto\" id=\"style-css-av-kye5xfd2-45baa158f588e61b6d76836504c28422\">\n#top .hr.hr-invisible.av-kye5xfd2-45baa158f588e61b6d76836504c28422{\nheight:50px;\n}\n<\/style>\n<div  class='hr av-kye5xfd2-45baa158f588e61b6d76836504c28422 hr-invisible  avia-builder-el-10  el_after_av_textblock  el_before_av_textblock '><span class='hr-inner '><span class=\"hr-inner-style\"><\/span><\/span><\/div><br \/>\n<section  class='av_textblock_section av-kye573xi-4a24868703ed687ac214fc2cfadd4007 '   itemscope=\"itemscope\" itemtype=\"https:\/\/schema.org\/CreativeWork\" ><div class='avia_textblock'  itemprop=\"text\" ><h2 style=\"text-align: center;\">Ahorro de combustible<\/h2>\n<p style=\"text-align: center;\">El Combustible necesario para producir el equivalente a la energ\u00eda generada por la instalaci\u00f3n fotovoltaica aqu\u00ed propuesta puede medirse en relaci\u00f3n a la energ\u00eda contenida en un barril de petr\u00f3leo (BEP*)<\/p>\n<p style=\"text-align: center;\">As\u00ed, la cantidad de combustibles f\u00f3siles ahorrados con la adopci\u00f3n de tecnolog\u00edas renovables para la producci\u00f3n de electricidad, expresada en barriles de petr\u00f3leo es:<\/p>\n<\/div><\/section><\/p><\/div><div  class='flex_column av-g0iq0s-3e53271fbb098f9520bdef2a08724d74 av_one_fourth  avia-builder-el-12  el_after_av_one_full  el_before_av_one_fourth  first flex_column_div  column-top-margin'     ><\/div><div  class='flex_column av-er9kbw-28adc09f127faf3ec02f331c18011c0f av_one_fourth  avia-builder-el-13  el_after_av_one_fourth  el_before_av_one_fourth  flex_column_div  column-top-margin'     ><style type=\"text\/css\" data-created_by=\"avia_inline_auto\" id=\"style-css-av-cxcny4-d12ad204fa74dce9a766668ca7990d34\">\n.avia-image-container.av-cxcny4-d12ad204fa74dce9a766668ca7990d34 img.avia_image{\nbox-shadow:none;\n}\n.avia-image-container.av-cxcny4-d12ad204fa74dce9a766668ca7990d34 .av-image-caption-overlay-center{\ncolor:#ffffff;\n}\n<\/style>\n<div  class='avia-image-container av-cxcny4-d12ad204fa74dce9a766668ca7990d34 av-styling- avia-align-center  avia-builder-el-14  avia-builder-el-no-sibling '   itemprop=\"image\" itemscope=\"itemscope\" itemtype=\"https:\/\/schema.org\/ImageObject\" ><div class=\"avia-image-container-inner\"><div class=\"avia-image-overlay-wrap\"><img decoding=\"async\" fetchpriority=\"high\" class='wp-image-2356 avia-img-lazy-loading-not-2356 avia_image ' src=\"https:\/\/maymi.es\/wp-content\/uploads\/2022\/01\/Barril-Eco-Maymi.png\" alt='' title='Barril-Eco-Maymi'  height=\"600\" width=\"600\"  itemprop=\"thumbnailUrl\" srcset=\"https:\/\/maymi.es\/wp-content\/uploads\/2022\/01\/Barril-Eco-Maymi.png 600w, https:\/\/maymi.es\/wp-content\/uploads\/2022\/01\/Barril-Eco-Maymi-300x300.png 300w, https:\/\/maymi.es\/wp-content\/uploads\/2022\/01\/Barril-Eco-Maymi-80x80.png 80w, https:\/\/maymi.es\/wp-content\/uploads\/2022\/01\/Barril-Eco-Maymi-36x36.png 36w, https:\/\/maymi.es\/wp-content\/uploads\/2022\/01\/Barril-Eco-Maymi-180x180.png 180w\" sizes=\"(max-width: 600px) 100vw, 600px\" \/><\/div><\/div><\/div><\/div><div  class='flex_column av-1282uk-9f31a5862b42524c73919ed3107d372c av_one_fourth  avia-builder-el-15  el_after_av_one_fourth  el_before_av_one_fourth  flex_column_div  column-top-margin'     ><style type=\"text\/css\" data-created_by=\"avia_inline_auto\" id=\"style-css-av-kye5w8xj-284686167c28e1c01d77effb820395ab\">\n.avia-image-container.av-kye5w8xj-284686167c28e1c01d77effb820395ab img.avia_image{\nbox-shadow:none;\n}\n.avia-image-container.av-kye5w8xj-284686167c28e1c01d77effb820395ab .av-image-caption-overlay-center{\ncolor:#ffffff;\n}\n<\/style>\n<div  class='avia-image-container av-kye5w8xj-284686167c28e1c01d77effb820395ab av-styling- avia-align-center  avia-builder-el-16  avia-builder-el-no-sibling '   itemprop=\"image\" itemscope=\"itemscope\" itemtype=\"https:\/\/schema.org\/ImageObject\" ><div class=\"avia-image-container-inner\"><div class=\"avia-image-overlay-wrap\"><img decoding=\"async\" fetchpriority=\"high\" class='wp-image-2358 avia-img-lazy-loading-not-2358 avia_image ' src=\"https:\/\/maymi.es\/wp-content\/uploads\/2022\/01\/Barriles-Eco-Maymi.png\" alt='' title='Barriles-Eco-Maymi'  height=\"600\" width=\"600\"  itemprop=\"thumbnailUrl\" srcset=\"https:\/\/maymi.es\/wp-content\/uploads\/2022\/01\/Barriles-Eco-Maymi.png 600w, https:\/\/maymi.es\/wp-content\/uploads\/2022\/01\/Barriles-Eco-Maymi-300x300.png 300w, https:\/\/maymi.es\/wp-content\/uploads\/2022\/01\/Barriles-Eco-Maymi-80x80.png 80w, https:\/\/maymi.es\/wp-content\/uploads\/2022\/01\/Barriles-Eco-Maymi-36x36.png 36w, https:\/\/maymi.es\/wp-content\/uploads\/2022\/01\/Barriles-Eco-Maymi-180x180.png 180w\" sizes=\"(max-width: 600px) 100vw, 600px\" \/><\/div><\/div><\/div><\/div><div  class='flex_column av-9heuy4-04c8853fa343e00c2581fbe25fd3c9fd av_one_fourth  avia-builder-el-17  el_after_av_one_fourth  el_before_av_one_full  flex_column_div  column-top-margin'     ><\/div><div  class='flex_column av-7ayzzw-5d6faa29430fd13ce52254064992bb08 av_one_full  avia-builder-el-18  el_after_av_one_fourth  el_before_av_one_fourth  first flex_column_div  column-top-margin'     ><section  class='av_textblock_section av-myqm4-e0fdfbc725a7805ab62681a173feb106 '   itemscope=\"itemscope\" itemtype=\"https:\/\/schema.org\/CreativeWork\" ><div class='avia_textblock'  itemprop=\"text\" ><h2 style=\"text-align: center;\">Emisiones evitadas<\/h2>\n<p style=\"text-align: center;\">Adem\u00e1s, la instalaci\u00f3n fotovoltaica permitir\u00eda la reducci\u00f3n de sustancias contaminantes en la atm\u00f3sfera, gases que contribuyen al efecto invernadero. Las emisiones de estos gases equivalen a las absorbidas por:<\/p>\n<\/div><\/section><\/div><div  class='flex_column av-av_one_fourth-d846867a37b468541bc8830743d44203 av_one_fourth  avia-builder-el-20  el_after_av_one_full  el_before_av_one_fourth  first flex_column_div  column-top-margin'     ><\/div><div  class='flex_column av-av_one_fourth-337486787960716147ecfb4074cb91c6 av_one_fourth  avia-builder-el-21  el_after_av_one_fourth  el_before_av_one_fourth  flex_column_div  column-top-margin'     ><style type=\"text\/css\" data-created_by=\"avia_inline_auto\" id=\"style-css-av-kye875yi-618a9a3123f0997fe76cafd590de9710\">\n.avia-image-container.av-kye875yi-618a9a3123f0997fe76cafd590de9710 img.avia_image{\nbox-shadow:none;\n}\n.avia-image-container.av-kye875yi-618a9a3123f0997fe76cafd590de9710 .av-image-caption-overlay-center{\ncolor:#ffffff;\n}\n<\/style>\n<div  class='avia-image-container av-kye875yi-618a9a3123f0997fe76cafd590de9710 av-styling- avia-align-center  avia-builder-el-22  avia-builder-el-no-sibling '   itemprop=\"image\" itemscope=\"itemscope\" itemtype=\"https:\/\/schema.org\/ImageObject\" ><div class=\"avia-image-container-inner\"><div class=\"avia-image-overlay-wrap\"><img decoding=\"async\" fetchpriority=\"high\" class='wp-image-2368 avia-img-lazy-loading-not-2368 avia_image ' src=\"https:\/\/maymi.es\/wp-content\/uploads\/2022\/01\/Arbol-Eco-Maymi.png\" alt='' title='Arbol-Eco-Maymi'  height=\"600\" width=\"600\"  itemprop=\"thumbnailUrl\" srcset=\"https:\/\/maymi.es\/wp-content\/uploads\/2022\/01\/Arbol-Eco-Maymi.png 600w, https:\/\/maymi.es\/wp-content\/uploads\/2022\/01\/Arbol-Eco-Maymi-300x300.png 300w, https:\/\/maymi.es\/wp-content\/uploads\/2022\/01\/Arbol-Eco-Maymi-80x80.png 80w, https:\/\/maymi.es\/wp-content\/uploads\/2022\/01\/Arbol-Eco-Maymi-36x36.png 36w, https:\/\/maymi.es\/wp-content\/uploads\/2022\/01\/Arbol-Eco-Maymi-180x180.png 180w\" sizes=\"(max-width: 600px) 100vw, 600px\" \/><\/div><\/div><\/div><\/div><div  class='flex_column av-av_one_fourth-337486787960716147ecfb4074cb91c6 av_one_fourth  avia-builder-el-23  el_after_av_one_fourth  el_before_av_one_fourth  flex_column_div  column-top-margin'     ><style type=\"text\/css\" data-created_by=\"avia_inline_auto\" id=\"style-css-av-kye8kgbm-b734b92471f6a16d70e6d4bb1c9d1560\">\n.avia-image-container.av-kye8kgbm-b734b92471f6a16d70e6d4bb1c9d1560 img.avia_image{\nbox-shadow:none;\n}\n.avia-image-container.av-kye8kgbm-b734b92471f6a16d70e6d4bb1c9d1560 .av-image-caption-overlay-center{\ncolor:#ffffff;\n}\n<\/style>\n<div  class='avia-image-container av-kye8kgbm-b734b92471f6a16d70e6d4bb1c9d1560 av-styling- avia-align-center  avia-builder-el-24  avia-builder-el-no-sibling '   itemprop=\"image\" itemscope=\"itemscope\" itemtype=\"https:\/\/schema.org\/ImageObject\" ><div class=\"avia-image-container-inner\"><div class=\"avia-image-overlay-wrap\"><img decoding=\"async\" fetchpriority=\"high\" class='wp-image-2370 avia-img-lazy-loading-not-2370 avia_image ' src=\"https:\/\/maymi.es\/wp-content\/uploads\/2022\/01\/Arboles-Eco-Maymi.png\" alt='' title='Arboles-Eco-Maymi'  height=\"600\" width=\"600\"  itemprop=\"thumbnailUrl\" srcset=\"https:\/\/maymi.es\/wp-content\/uploads\/2022\/01\/Arboles-Eco-Maymi.png 600w, https:\/\/maymi.es\/wp-content\/uploads\/2022\/01\/Arboles-Eco-Maymi-300x300.png 300w, https:\/\/maymi.es\/wp-content\/uploads\/2022\/01\/Arboles-Eco-Maymi-80x80.png 80w, https:\/\/maymi.es\/wp-content\/uploads\/2022\/01\/Arboles-Eco-Maymi-36x36.png 36w, https:\/\/maymi.es\/wp-content\/uploads\/2022\/01\/Arboles-Eco-Maymi-180x180.png 180w\" sizes=\"(max-width: 600px) 100vw, 600px\" \/><\/div><\/div><\/div><\/div><div  class='flex_column av-av_one_fourth-337486787960716147ecfb4074cb91c6 av_one_fourth  avia-builder-el-25  el_after_av_one_fourth  el_before_av_one_full  flex_column_div  column-top-margin'     ><\/div><div  class='flex_column av-40lt7w-9c27321a6a333be6d6b0c6dd8940aa2e av_one_full  avia-builder-el-26  el_after_av_one_fourth  avia-builder-el-last  first flex_column_div  column-top-margin'     ><style type=\"text\/css\" data-created_by=\"avia_inline_auto\" id=\"style-css-av-2zk08s-c72926b46b74cbe9a7392358e8aaee9e\">\n#top .av_textblock_section.av-2zk08s-c72926b46b74cbe9a7392358e8aaee9e .avia_textblock{\nfont-size:11px;\n}\n<\/style>\n<section  class='av_textblock_section av-2zk08s-c72926b46b74cbe9a7392358e8aaee9e '   itemscope=\"itemscope\" itemtype=\"https:\/\/schema.org\/CreativeWork\" ><div class='avia_textblock'  itemprop=\"text\" ><p><em>*Barril Equivalente de Petr\u00f3leo: 1.700 kWh, aproximadamente.<\/em><\/p>\n<p><em>** Emisiones atmosf\u00e9ricas espec\u00edficas (kg CO2e\/kWh): CO2=0,46254 | CH4=0,00044 | N2O=0,00236 | Total GEI=0,46534 CO2eq (Gases de Efecto Invernadero). Fuente: 2016 UK Greenhouse gases Conversion Factors.<\/em><\/p>\n<\/div><\/section><\/div>\n","protected":false},"excerpt":{"rendered":"","protected":false},"author":2,"featured_media":0,"parent":0,"menu_order":0,"comment_status":"closed","ping_status":"closed","template":"","meta":{"footnotes":""},"class_list":["post-2373","page","type-page","status-publish","hentry"],"yoast_head":"<!-- This site is optimized with the Yoast SEO plugin v27.4 - https:\/\/yoast.com\/product\/yoast-seo-wordpress\/ -->\n<title>Comprometidos con el medio ambiente - Maymi<\/title>\n<meta name=\"robots\" content=\"index, follow, max-snippet:-1, max-image-preview:large, max-video-preview:-1\" \/>\n<link rel=\"canonical\" href=\"https:\/\/maymi.es\/es\/comprometidos-con-el-medio-ambiente\/\" \/>\n<meta property=\"og:locale\" content=\"es_ES\" \/>\n<meta property=\"og:type\" content=\"article\" \/>\n<meta property=\"og:title\" content=\"Comprometidos con el medio ambiente - Maymi\" \/>\n<meta property=\"og:url\" content=\"https:\/\/maymi.es\/es\/comprometidos-con-el-medio-ambiente\/\" \/>\n<meta property=\"og:site_name\" content=\"Maymi\" \/>\n<meta property=\"article:modified_time\" content=\"2022-01-14T10:47:31+00:00\" \/>\n<meta name=\"twitter:card\" content=\"summary_large_image\" \/>\n<meta name=\"twitter:label1\" content=\"Tiempo de lectura\" \/>\n\t<meta name=\"twitter:data1\" content=\"9 minutos\" \/>\n<script type=\"application\/ld+json\" class=\"yoast-schema-graph\">{\"@context\":\"https:\\\/\\\/schema.org\",\"@graph\":[{\"@type\":\"WebPage\",\"@id\":\"https:\\\/\\\/maymi.es\\\/es\\\/comprometidos-con-el-medio-ambiente\\\/\",\"url\":\"https:\\\/\\\/maymi.es\\\/es\\\/comprometidos-con-el-medio-ambiente\\\/\",\"name\":\"Comprometidos con el medio ambiente - Maymi\",\"isPartOf\":{\"@id\":\"https:\\\/\\\/maymi.es\\\/es\\\/#website\"},\"datePublished\":\"2022-01-14T08:53:02+00:00\",\"dateModified\":\"2022-01-14T10:47:31+00:00\",\"breadcrumb\":{\"@id\":\"https:\\\/\\\/maymi.es\\\/es\\\/comprometidos-con-el-medio-ambiente\\\/#breadcrumb\"},\"inLanguage\":\"es\",\"potentialAction\":[{\"@type\":\"ReadAction\",\"target\":[\"https:\\\/\\\/maymi.es\\\/es\\\/comprometidos-con-el-medio-ambiente\\\/\"]}]},{\"@type\":\"BreadcrumbList\",\"@id\":\"https:\\\/\\\/maymi.es\\\/es\\\/comprometidos-con-el-medio-ambiente\\\/#breadcrumb\",\"itemListElement\":[{\"@type\":\"ListItem\",\"position\":1,\"name\":\"Portada\",\"item\":\"https:\\\/\\\/maymi.es\\\/es\\\/fustes-maymi\\\/\"},{\"@type\":\"ListItem\",\"position\":2,\"name\":\"Comprometidos con el medio ambiente\"}]},{\"@type\":\"WebSite\",\"@id\":\"https:\\\/\\\/maymi.es\\\/es\\\/#website\",\"url\":\"https:\\\/\\\/maymi.es\\\/es\\\/\",\"name\":\"Maymi\",\"description\":\"Maymi\",\"potentialAction\":[{\"@type\":\"SearchAction\",\"target\":{\"@type\":\"EntryPoint\",\"urlTemplate\":\"https:\\\/\\\/maymi.es\\\/es\\\/?s={search_term_string}\"},\"query-input\":{\"@type\":\"PropertyValueSpecification\",\"valueRequired\":true,\"valueName\":\"search_term_string\"}}],\"inLanguage\":\"es\"}]}<\/script>\n<!-- \/ Yoast SEO plugin. -->","yoast_head_json":{"title":"Comprometidos con el medio ambiente - Maymi","robots":{"index":"index","follow":"follow","max-snippet":"max-snippet:-1","max-image-preview":"max-image-preview:large","max-video-preview":"max-video-preview:-1"},"canonical":"https:\/\/maymi.es\/es\/comprometidos-con-el-medio-ambiente\/","og_locale":"es_ES","og_type":"article","og_title":"Comprometidos con el medio ambiente - Maymi","og_url":"https:\/\/maymi.es\/es\/comprometidos-con-el-medio-ambiente\/","og_site_name":"Maymi","article_modified_time":"2022-01-14T10:47:31+00:00","twitter_card":"summary_large_image","twitter_misc":{"Tiempo de lectura":"9 minutos"},"schema":{"@context":"https:\/\/schema.org","@graph":[{"@type":"WebPage","@id":"https:\/\/maymi.es\/es\/comprometidos-con-el-medio-ambiente\/","url":"https:\/\/maymi.es\/es\/comprometidos-con-el-medio-ambiente\/","name":"Comprometidos con el medio ambiente - Maymi","isPartOf":{"@id":"https:\/\/maymi.es\/es\/#website"},"datePublished":"2022-01-14T08:53:02+00:00","dateModified":"2022-01-14T10:47:31+00:00","breadcrumb":{"@id":"https:\/\/maymi.es\/es\/comprometidos-con-el-medio-ambiente\/#breadcrumb"},"inLanguage":"es","potentialAction":[{"@type":"ReadAction","target":["https:\/\/maymi.es\/es\/comprometidos-con-el-medio-ambiente\/"]}]},{"@type":"BreadcrumbList","@id":"https:\/\/maymi.es\/es\/comprometidos-con-el-medio-ambiente\/#breadcrumb","itemListElement":[{"@type":"ListItem","position":1,"name":"Portada","item":"https:\/\/maymi.es\/es\/fustes-maymi\/"},{"@type":"ListItem","position":2,"name":"Comprometidos con el medio ambiente"}]},{"@type":"WebSite","@id":"https:\/\/maymi.es\/es\/#website","url":"https:\/\/maymi.es\/es\/","name":"Maymi","description":"Maymi","potentialAction":[{"@type":"SearchAction","target":{"@type":"EntryPoint","urlTemplate":"https:\/\/maymi.es\/es\/?s={search_term_string}"},"query-input":{"@type":"PropertyValueSpecification","valueRequired":true,"valueName":"search_term_string"}}],"inLanguage":"es"}]}},"_links":{"self":[{"href":"https:\/\/maymi.es\/es\/wp-json\/wp\/v2\/pages\/2373","targetHints":{"allow":["GET"]}}],"collection":[{"href":"https:\/\/maymi.es\/es\/wp-json\/wp\/v2\/pages"}],"about":[{"href":"https:\/\/maymi.es\/es\/wp-json\/wp\/v2\/types\/page"}],"author":[{"embeddable":true,"href":"https:\/\/maymi.es\/es\/wp-json\/wp\/v2\/users\/2"}],"replies":[{"embeddable":true,"href":"https:\/\/maymi.es\/es\/wp-json\/wp\/v2\/comments?post=2373"}],"version-history":[{"count":0,"href":"https:\/\/maymi.es\/es\/wp-json\/wp\/v2\/pages\/2373\/revisions"}],"wp:attachment":[{"href":"https:\/\/maymi.es\/es\/wp-json\/wp\/v2\/media?parent=2373"}],"curies":[{"name":"wp","href":"https:\/\/api.w.org\/{rel}","templated":true}]}}