{"id":29,"date":"2018-11-02T13:19:15","date_gmt":"2018-11-02T13:19:15","guid":{"rendered":"https:\/\/maymi.clonica.net\/condiciones-de-uso-de-la-web\/"},"modified":"2019-09-16T08:33:27","modified_gmt":"2019-09-16T08:33:27","slug":"politica-de-privacidad","status":"publish","type":"page","link":"https:\/\/maymi.es\/es\/politica-de-privacidad\/","title":{"rendered":"Pol\u00edtica de privacidad"},"content":{"rendered":"\n<style type=\"text\/css\" data-created_by=\"avia_inline_auto\" id=\"style-css-av-2nvr-1438f185d1431f3593536dd89c121a8b\">\n.flex_column.av-2nvr-1438f185d1431f3593536dd89c121a8b{\nborder-radius:0px 0px 0px 0px;\npadding:0px 0px 0px 0px;\n}\n<\/style>\n<div  class='flex_column av-2nvr-1438f185d1431f3593536dd89c121a8b av_one_full  avia-builder-el-0  avia-builder-el-no-sibling  first flex_column_div av-zero-column-padding  '     ><p>\n<style type=\"text\/css\" data-created_by=\"avia_inline_auto\" id=\"style-css-av-av_heading-ea2b38a5e623b5a8d50eb6e40e954fd0\">\n#top .av-special-heading.av-av_heading-ea2b38a5e623b5a8d50eb6e40e954fd0{\npadding-bottom:10px;\n}\nbody .av-special-heading.av-av_heading-ea2b38a5e623b5a8d50eb6e40e954fd0 .av-special-heading-tag .heading-char{\nfont-size:25px;\n}\n.av-special-heading.av-av_heading-ea2b38a5e623b5a8d50eb6e40e954fd0 .av-subheading{\nfont-size:15px;\n}\n<\/style>\n<div  class='av-special-heading av-av_heading-ea2b38a5e623b5a8d50eb6e40e954fd0 av-special-heading-h3  avia-builder-el-1  el_before_av_textblock  avia-builder-el-first '><h3 class='av-special-heading-tag '  itemprop=\"headline\"  >Pol\u00edtica de privacidad<\/h3><div class=\"special-heading-border\"><div class=\"special-heading-inner-border\"><\/div><\/div><\/div><br \/>\n<section  class='av_textblock_section av-jo015yzj-be0c7c2f07053a362b62292d5a1692b9 '   itemscope=\"itemscope\" itemtype=\"https:\/\/schema.org\/CreativeWork\" ><div class='avia_textblock'  itemprop=\"text\" ><p><strong>MAYMI GERMANS, S.A.<\/strong> \u00a0se reserva la facultad de incluir en un fichero de datos de car\u00e1cter personal creado bajo nuestra responsabilidad los datos que Ud. nos facilite voluntariamente (por ejemplo a trav\u00e9s del correo electr\u00f3nico o de formularios puestos a su disposici\u00f3n en el presente sitio web) con la finalidad de poder gestionar sus peticiones y\/o consultas. Ud. podr\u00e1 ejercer los derechos de acceso, rectificaci\u00f3n, cancelaci\u00f3n y oposici\u00f3n dirigiendo a tal efecto un escrito (acompa\u00f1ando copia de un documento oficial que le identifique) a <strong>MAYMI GERMANS, S.A.<\/strong> en RIERA D\u2019ARGENTONA, 7\u00b7 POL.INDUSTRIAL CAM\u00cd DEL MIG (08349) CABRERA DE MAR, indicando en el sobre o en el asunto del mensaje la referencia: \u201cPol\u00edtica de privacidad\u201d.<br \/>\n<strong>MAYMI GERMANS, S.A.<\/strong> \u00a0se compromete a observar la obligaci\u00f3n de secreto de los datos de car\u00e1cter personal que nos facilite, a tratarlos de forma confidencial y a guardarlos adoptando las medidas necesarias para evitar su alteraci\u00f3n, p\u00e9rdida, tratamiento o acceso no autorizados, habida cuenta en todo momento del estado de la tecnolog\u00eda.<br \/>\nEn nuestra p\u00e1gina web no existen hiperv\u00ednculos que permitan la comunicaci\u00f3n de sus datos a otras p\u00e1ginas web. Adem\u00e1s, sus datos no ser\u00e1n segmentados ni tampoco haremos uso de m\u00e9todos invisibles de datos personales.<br \/>\nEs posible que en nuestra p\u00e1gina web existan formularios en los que se recaben sus datos para finalidades concretas. En estas circunstancias se estar\u00e1 a las condiciones espec\u00edficas aplicables en cada caso.<\/p>\n<section class=\"av_textblock_section \">\n<div class=\"avia_textblock \">\n<div class=\"entry-content\"><\/div>\n<\/div>\n<\/section>\n<\/div><\/section><\/p><\/div>\n","protected":false},"excerpt":{"rendered":"","protected":false},"author":1,"featured_media":0,"parent":0,"menu_order":20,"comment_status":"closed","ping_status":"closed","template":"","meta":{"footnotes":""},"class_list":["post-29","page","type-page","status-publish","hentry"],"yoast_head":"<!-- This site is optimized with the Yoast SEO plugin v27.4 - https:\/\/yoast.com\/product\/yoast-seo-wordpress\/ -->\n<title>Pol\u00edtica de privacidad - Maymi<\/title>\n<meta name=\"robots\" content=\"index, follow, max-snippet:-1, max-image-preview:large, max-video-preview:-1\" \/>\n<link rel=\"canonical\" href=\"https:\/\/maymi.es\/es\/politica-de-privacidad\/\" \/>\n<meta property=\"og:locale\" content=\"es_ES\" \/>\n<meta property=\"og:type\" content=\"article\" \/>\n<meta property=\"og:title\" content=\"Pol\u00edtica de privacidad - Maymi\" \/>\n<meta property=\"og:url\" content=\"https:\/\/maymi.es\/es\/politica-de-privacidad\/\" \/>\n<meta property=\"og:site_name\" content=\"Maymi\" \/>\n<meta property=\"article:modified_time\" content=\"2019-09-16T08:33:27+00:00\" \/>\n<meta name=\"twitter:card\" content=\"summary_large_image\" \/>\n<meta name=\"twitter:label1\" content=\"Tiempo de lectura\" \/>\n\t<meta name=\"twitter:data1\" content=\"2 minutos\" \/>\n<script type=\"application\/ld+json\" class=\"yoast-schema-graph\">{\"@context\":\"https:\\\/\\\/schema.org\",\"@graph\":[{\"@type\":\"WebPage\",\"@id\":\"https:\\\/\\\/maymi.es\\\/es\\\/politica-de-privacidad\\\/\",\"url\":\"https:\\\/\\\/maymi.es\\\/es\\\/politica-de-privacidad\\\/\",\"name\":\"Pol\u00edtica de privacidad - Maymi\",\"isPartOf\":{\"@id\":\"https:\\\/\\\/maymi.es\\\/es\\\/#website\"},\"datePublished\":\"2018-11-02T13:19:15+00:00\",\"dateModified\":\"2019-09-16T08:33:27+00:00\",\"breadcrumb\":{\"@id\":\"https:\\\/\\\/maymi.es\\\/es\\\/politica-de-privacidad\\\/#breadcrumb\"},\"inLanguage\":\"es\",\"potentialAction\":[{\"@type\":\"ReadAction\",\"target\":[\"https:\\\/\\\/maymi.es\\\/es\\\/politica-de-privacidad\\\/\"]}]},{\"@type\":\"BreadcrumbList\",\"@id\":\"https:\\\/\\\/maymi.es\\\/es\\\/politica-de-privacidad\\\/#breadcrumb\",\"itemListElement\":[{\"@type\":\"ListItem\",\"position\":1,\"name\":\"Portada\",\"item\":\"https:\\\/\\\/maymi.es\\\/es\\\/fustes-maymi\\\/\"},{\"@type\":\"ListItem\",\"position\":2,\"name\":\"Pol\u00edtica de privacidad\"}]},{\"@type\":\"WebSite\",\"@id\":\"https:\\\/\\\/maymi.es\\\/es\\\/#website\",\"url\":\"https:\\\/\\\/maymi.es\\\/es\\\/\",\"name\":\"Maymi\",\"description\":\"Maymi\",\"potentialAction\":[{\"@type\":\"SearchAction\",\"target\":{\"@type\":\"EntryPoint\",\"urlTemplate\":\"https:\\\/\\\/maymi.es\\\/es\\\/?s={search_term_string}\"},\"query-input\":{\"@type\":\"PropertyValueSpecification\",\"valueRequired\":true,\"valueName\":\"search_term_string\"}}],\"inLanguage\":\"es\"}]}<\/script>\n<!-- \/ Yoast SEO plugin. -->","yoast_head_json":{"title":"Pol\u00edtica de privacidad - Maymi","robots":{"index":"index","follow":"follow","max-snippet":"max-snippet:-1","max-image-preview":"max-image-preview:large","max-video-preview":"max-video-preview:-1"},"canonical":"https:\/\/maymi.es\/es\/politica-de-privacidad\/","og_locale":"es_ES","og_type":"article","og_title":"Pol\u00edtica de privacidad - Maymi","og_url":"https:\/\/maymi.es\/es\/politica-de-privacidad\/","og_site_name":"Maymi","article_modified_time":"2019-09-16T08:33:27+00:00","twitter_card":"summary_large_image","twitter_misc":{"Tiempo de lectura":"2 minutos"},"schema":{"@context":"https:\/\/schema.org","@graph":[{"@type":"WebPage","@id":"https:\/\/maymi.es\/es\/politica-de-privacidad\/","url":"https:\/\/maymi.es\/es\/politica-de-privacidad\/","name":"Pol\u00edtica de privacidad - Maymi","isPartOf":{"@id":"https:\/\/maymi.es\/es\/#website"},"datePublished":"2018-11-02T13:19:15+00:00","dateModified":"2019-09-16T08:33:27+00:00","breadcrumb":{"@id":"https:\/\/maymi.es\/es\/politica-de-privacidad\/#breadcrumb"},"inLanguage":"es","potentialAction":[{"@type":"ReadAction","target":["https:\/\/maymi.es\/es\/politica-de-privacidad\/"]}]},{"@type":"BreadcrumbList","@id":"https:\/\/maymi.es\/es\/politica-de-privacidad\/#breadcrumb","itemListElement":[{"@type":"ListItem","position":1,"name":"Portada","item":"https:\/\/maymi.es\/es\/fustes-maymi\/"},{"@type":"ListItem","position":2,"name":"Pol\u00edtica de privacidad"}]},{"@type":"WebSite","@id":"https:\/\/maymi.es\/es\/#website","url":"https:\/\/maymi.es\/es\/","name":"Maymi","description":"Maymi","potentialAction":[{"@type":"SearchAction","target":{"@type":"EntryPoint","urlTemplate":"https:\/\/maymi.es\/es\/?s={search_term_string}"},"query-input":{"@type":"PropertyValueSpecification","valueRequired":true,"valueName":"search_term_string"}}],"inLanguage":"es"}]}},"_links":{"self":[{"href":"https:\/\/maymi.es\/es\/wp-json\/wp\/v2\/pages\/29","targetHints":{"allow":["GET"]}}],"collection":[{"href":"https:\/\/maymi.es\/es\/wp-json\/wp\/v2\/pages"}],"about":[{"href":"https:\/\/maymi.es\/es\/wp-json\/wp\/v2\/types\/page"}],"author":[{"embeddable":true,"href":"https:\/\/maymi.es\/es\/wp-json\/wp\/v2\/users\/1"}],"replies":[{"embeddable":true,"href":"https:\/\/maymi.es\/es\/wp-json\/wp\/v2\/comments?post=29"}],"version-history":[{"count":0,"href":"https:\/\/maymi.es\/es\/wp-json\/wp\/v2\/pages\/29\/revisions"}],"wp:attachment":[{"href":"https:\/\/maymi.es\/es\/wp-json\/wp\/v2\/media?parent=29"}],"curies":[{"name":"wp","href":"https:\/\/api.w.org\/{rel}","templated":true}]}}