{"id":32,"date":"2018-11-02T13:22:33","date_gmt":"2018-11-02T13:22:33","guid":{"rendered":"https:\/\/maymi.clonica.net\/aviso-legal\/"},"modified":"2019-09-16T08:47:29","modified_gmt":"2019-09-16T08:47:29","slug":"aviso-legal","status":"publish","type":"page","link":"https:\/\/maymi.es\/es\/aviso-legal\/","title":{"rendered":"Aviso legal"},"content":{"rendered":"\n<style type=\"text\/css\" data-created_by=\"avia_inline_auto\" id=\"style-css-av-vg6q-30e2ede1174ee85e5837fb3fa8d283ec\">\n.flex_column.av-vg6q-30e2ede1174ee85e5837fb3fa8d283ec{\nborder-radius:0px 0px 0px 0px;\npadding:0px 0px 0px 0px;\n}\n<\/style>\n<div  class='flex_column av-vg6q-30e2ede1174ee85e5837fb3fa8d283ec av_one_full  avia-builder-el-0  avia-builder-el-no-sibling  first flex_column_div av-zero-column-padding  '     ><p>\n<style type=\"text\/css\" data-created_by=\"avia_inline_auto\" id=\"style-css-av-av_heading-eb2376e47193e2c08b79a3c38ce068bb\">\n#top .av-special-heading.av-av_heading-eb2376e47193e2c08b79a3c38ce068bb{\npadding-bottom:10px;\n}\nbody .av-special-heading.av-av_heading-eb2376e47193e2c08b79a3c38ce068bb .av-special-heading-tag .heading-char{\nfont-size:25px;\n}\n.av-special-heading.av-av_heading-eb2376e47193e2c08b79a3c38ce068bb .av-subheading{\nfont-size:15px;\n}\n<\/style>\n<div  class='av-special-heading av-av_heading-eb2376e47193e2c08b79a3c38ce068bb av-special-heading-h3  avia-builder-el-1  el_before_av_textblock  avia-builder-el-first '><h3 class='av-special-heading-tag '  itemprop=\"headline\"  >Aviso legal<\/h3><div class=\"special-heading-border\"><div class=\"special-heading-inner-border\"><\/div><\/div><\/div><br \/>\n<section  class='av_textblock_section av-jo00tzzo-a91a6d500c15df802956ce22a428082b '   itemscope=\"itemscope\" itemtype=\"https:\/\/schema.org\/CreativeWork\" ><div class='avia_textblock'  itemprop=\"text\" ><p><b>1. OBJETO Y \u00c1MBITO DE APLICACI\u00d3N<\/b><br \/>\nLas presentes Condiciones Generales regulan el acceso, navegaci\u00f3n y uso de este sitio web.<\/p>\n<p>MAYMI GERMANS, S.A. (Riera d\u2019Argentona, 7 \u2013 Pol. Industrial Cam\u00ed del Mig \u00b7 08349 CABRERA DE MAR (Barcelona)<br \/>\nCIF: A08161465<br \/>\nREGISTRO MERCANTIL: Barcelona<br \/>\nTOMO: 11338<br \/>\nFOLIO: 12<br \/>\nHOJA: B 100342<br \/>\nINSCRIPCI\u00d3N: 6<\/p>\n<p><b>2. DERECHOS DE PROPIEDAD INTELECTUAL E INDUSTRIAL<\/b><\/p>\n<p>2.1. Es titular de todos los derechos de propiedad intelectual e industrial del Sitio Web y es tambi\u00e9n titular o tiene la correspondiente licencia sobre los derechos de propiedad intelectual, industrial y de imagen sobre los contenidos disponibles a trav\u00e9s del mismo.<br \/>\n2.2. En ning\u00fan caso se entender\u00e1 que el acceso y navegaci\u00f3n del Usuario implica una renuncia, transmisi\u00f3n, licencia o cesi\u00f3n total ni parcial de dichos derechos por parte de MAYMI GERMANS, S.A.<br \/>\n2.3. Asimismo est\u00e1 prohibido modificar, copiar, reutilizar, explotar, reproducir, comunicar p\u00fablicamente, hacer segundas o posteriores publicaciones, cargar archivos, enviar por correo, transmitir, usar, tratar o distribuir de cualquier forma la totalidad o parte de los contenidos incluidos en el Sitio Web para prop\u00f3sitos p\u00fablicos o comerciales, si no se cuenta con la autorizaci\u00f3n expresa y por escrito de MAYMI GERMANS, S.A.<\/p>\n<p><b>3. RESPONSABILIDADES Y GARANT\u00cdAS MAYM\u00cd GERMANS <\/b><\/p>\n<p>MAYMI GERMANS no se hace responsable de los contenidos que enlazan con terceras p\u00e1ginas web (Redes sociales). Si cualquier Usuario, entidad o sitio web deseara establecer alg\u00fan tipo de enlace con destino al Sitio Web deber\u00e1 solicitarlo.<\/p>\n<p><b>4. JURISDICCI\u00d3N.<\/b> Las relaciones establecidas entre MAYMI GERMANS, S.A. y el Usuario respecto a este AVISO LEGAL se regir\u00e1n por lo dispuesto en la normativa vigente acerca de la legislaci\u00f3n aplicable y la jurisdicci\u00f3n competente.<\/p>\n<\/div><\/section><\/p><\/div>\n","protected":false},"excerpt":{"rendered":"","protected":false},"author":1,"featured_media":0,"parent":0,"menu_order":10,"comment_status":"closed","ping_status":"closed","template":"","meta":{"footnotes":""},"class_list":["post-32","page","type-page","status-publish","hentry"],"yoast_head":"<!-- This site is optimized with the Yoast SEO plugin v27.5 - https:\/\/yoast.com\/product\/yoast-seo-wordpress\/ -->\n<title>Aviso legal - Maymi<\/title>\n<meta name=\"robots\" content=\"index, follow, max-snippet:-1, max-image-preview:large, max-video-preview:-1\" \/>\n<link rel=\"canonical\" href=\"https:\/\/maymi.es\/es\/aviso-legal\/\" \/>\n<meta property=\"og:locale\" content=\"es_ES\" \/>\n<meta property=\"og:type\" content=\"article\" \/>\n<meta property=\"og:title\" content=\"Aviso legal - Maymi\" \/>\n<meta property=\"og:url\" content=\"https:\/\/maymi.es\/es\/aviso-legal\/\" \/>\n<meta property=\"og:site_name\" content=\"Maymi\" \/>\n<meta property=\"article:modified_time\" content=\"2019-09-16T08:47:29+00:00\" \/>\n<meta name=\"twitter:card\" content=\"summary_large_image\" \/>\n<meta name=\"twitter:label1\" content=\"Tiempo de lectura\" \/>\n\t<meta name=\"twitter:data1\" content=\"2 minutos\" \/>\n<script type=\"application\/ld+json\" class=\"yoast-schema-graph\">{\"@context\":\"https:\\\/\\\/schema.org\",\"@graph\":[{\"@type\":\"WebPage\",\"@id\":\"https:\\\/\\\/maymi.es\\\/es\\\/aviso-legal\\\/\",\"url\":\"https:\\\/\\\/maymi.es\\\/es\\\/aviso-legal\\\/\",\"name\":\"Aviso legal - Maymi\",\"isPartOf\":{\"@id\":\"https:\\\/\\\/maymi.es\\\/es\\\/#website\"},\"datePublished\":\"2018-11-02T13:22:33+00:00\",\"dateModified\":\"2019-09-16T08:47:29+00:00\",\"breadcrumb\":{\"@id\":\"https:\\\/\\\/maymi.es\\\/es\\\/aviso-legal\\\/#breadcrumb\"},\"inLanguage\":\"es\",\"potentialAction\":[{\"@type\":\"ReadAction\",\"target\":[\"https:\\\/\\\/maymi.es\\\/es\\\/aviso-legal\\\/\"]}]},{\"@type\":\"BreadcrumbList\",\"@id\":\"https:\\\/\\\/maymi.es\\\/es\\\/aviso-legal\\\/#breadcrumb\",\"itemListElement\":[{\"@type\":\"ListItem\",\"position\":1,\"name\":\"Portada\",\"item\":\"https:\\\/\\\/maymi.es\\\/es\\\/fustes-maymi\\\/\"},{\"@type\":\"ListItem\",\"position\":2,\"name\":\"Aviso legal\"}]},{\"@type\":\"WebSite\",\"@id\":\"https:\\\/\\\/maymi.es\\\/es\\\/#website\",\"url\":\"https:\\\/\\\/maymi.es\\\/es\\\/\",\"name\":\"Maymi\",\"description\":\"Maymi\",\"potentialAction\":[{\"@type\":\"SearchAction\",\"target\":{\"@type\":\"EntryPoint\",\"urlTemplate\":\"https:\\\/\\\/maymi.es\\\/es\\\/?s={search_term_string}\"},\"query-input\":{\"@type\":\"PropertyValueSpecification\",\"valueRequired\":true,\"valueName\":\"search_term_string\"}}],\"inLanguage\":\"es\"}]}<\/script>\n<!-- \/ Yoast SEO plugin. -->","yoast_head_json":{"title":"Aviso legal - Maymi","robots":{"index":"index","follow":"follow","max-snippet":"max-snippet:-1","max-image-preview":"max-image-preview:large","max-video-preview":"max-video-preview:-1"},"canonical":"https:\/\/maymi.es\/es\/aviso-legal\/","og_locale":"es_ES","og_type":"article","og_title":"Aviso legal - Maymi","og_url":"https:\/\/maymi.es\/es\/aviso-legal\/","og_site_name":"Maymi","article_modified_time":"2019-09-16T08:47:29+00:00","twitter_card":"summary_large_image","twitter_misc":{"Tiempo de lectura":"2 minutos"},"schema":{"@context":"https:\/\/schema.org","@graph":[{"@type":"WebPage","@id":"https:\/\/maymi.es\/es\/aviso-legal\/","url":"https:\/\/maymi.es\/es\/aviso-legal\/","name":"Aviso legal - Maymi","isPartOf":{"@id":"https:\/\/maymi.es\/es\/#website"},"datePublished":"2018-11-02T13:22:33+00:00","dateModified":"2019-09-16T08:47:29+00:00","breadcrumb":{"@id":"https:\/\/maymi.es\/es\/aviso-legal\/#breadcrumb"},"inLanguage":"es","potentialAction":[{"@type":"ReadAction","target":["https:\/\/maymi.es\/es\/aviso-legal\/"]}]},{"@type":"BreadcrumbList","@id":"https:\/\/maymi.es\/es\/aviso-legal\/#breadcrumb","itemListElement":[{"@type":"ListItem","position":1,"name":"Portada","item":"https:\/\/maymi.es\/es\/fustes-maymi\/"},{"@type":"ListItem","position":2,"name":"Aviso legal"}]},{"@type":"WebSite","@id":"https:\/\/maymi.es\/es\/#website","url":"https:\/\/maymi.es\/es\/","name":"Maymi","description":"Maymi","potentialAction":[{"@type":"SearchAction","target":{"@type":"EntryPoint","urlTemplate":"https:\/\/maymi.es\/es\/?s={search_term_string}"},"query-input":{"@type":"PropertyValueSpecification","valueRequired":true,"valueName":"search_term_string"}}],"inLanguage":"es"}]}},"_links":{"self":[{"href":"https:\/\/maymi.es\/es\/wp-json\/wp\/v2\/pages\/32","targetHints":{"allow":["GET"]}}],"collection":[{"href":"https:\/\/maymi.es\/es\/wp-json\/wp\/v2\/pages"}],"about":[{"href":"https:\/\/maymi.es\/es\/wp-json\/wp\/v2\/types\/page"}],"author":[{"embeddable":true,"href":"https:\/\/maymi.es\/es\/wp-json\/wp\/v2\/users\/1"}],"replies":[{"embeddable":true,"href":"https:\/\/maymi.es\/es\/wp-json\/wp\/v2\/comments?post=32"}],"version-history":[{"count":0,"href":"https:\/\/maymi.es\/es\/wp-json\/wp\/v2\/pages\/32\/revisions"}],"wp:attachment":[{"href":"https:\/\/maymi.es\/es\/wp-json\/wp\/v2\/media?parent=32"}],"curies":[{"name":"wp","href":"https:\/\/api.w.org\/{rel}","templated":true}]}}